{"id":1937,"date":"2025-07-14T08:35:01","date_gmt":"2025-07-14T08:35:01","guid":{"rendered":"https:\/\/dreemsalt.com\/industrial-salt\/"},"modified":"2025-07-31T13:47:34","modified_gmt":"2025-07-31T13:47:34","slug":"industrial-salt","status":"publish","type":"page","link":"https:\/\/dreemsalt.com\/ar\/industrial-salt\/","title":{"rendered":"\u0627\u0644\u0623\u0645\u0644\u0627\u062d \u0627\u0644\u0635\u0646\u0627\u0639\u064a\u0629"},"content":{"rendered":"<div class=\"wpb-content-wrapper\"><p>[vc_row][vc_column width=&#8221;1\/2&#8243; css=&#8221;.vc_custom_1585728045360{padding-right: 30px !important;padding-left: 30px !important;}&#8221;]<div id=\"cz_95821\" data-position=\"top-right\" class=\"cz_95821 cz_image clr cz_image_no_fx center_on_mobile\"><div class=\"\" ><div class=\"cz_image_in\"><div class=\"cz_main_image\"><img loading=\"lazy\" decoding=\"async\" width=\"1050\" height=\"1587\" src=\"https:\/\/dreemsalt.com\/wp-content\/uploads\/2025\/07\/industrial-salt.jpg\" class=\"attachment-full\" alt=\"\" title=\"industrial-salt\" srcset=\"https:\/\/dreemsalt.com\/wp-content\/uploads\/2025\/07\/industrial-salt.jpg 1050w, https:\/\/dreemsalt.com\/wp-content\/uploads\/2025\/07\/industrial-salt-198x300.jpg 198w, https:\/\/dreemsalt.com\/wp-content\/uploads\/2025\/07\/industrial-salt-678x1024.jpg 678w, https:\/\/dreemsalt.com\/wp-content\/uploads\/2025\/07\/industrial-salt-768x1161.jpg 768w, https:\/\/dreemsalt.com\/wp-content\/uploads\/2025\/07\/industrial-salt-1016x1536.jpg 1016w, https:\/\/dreemsalt.com\/wp-content\/uploads\/2025\/07\/industrial-salt-600x907.jpg 600w, https:\/\/dreemsalt.com\/wp-content\/uploads\/2025\/07\/industrial-salt-1000x1511.jpg 1000w\" sizes=\"auto, (max-width: 1050px) 100vw, 1050px\" \/><\/div><\/div><\/div><\/div>[\/vc_column][vc_column width=&#8221;1\/2&#8243; css=&#8221;.vc_custom_1585728116326{padding-right: 20px !important;padding-left: 20px !important;}&#8221; el_class=&#8221;cz_sticky_col&#8221;][vc_custom_heading source=&#8221;post_title&#8221; font_container=&#8221;tag:h2|text_align:right&#8221; use_theme_fonts=&#8221;yes&#8221; css=&#8221;&#8221;]<div class=\"cz_gap clr \" style=\"height: 25px\"><\/div>[vc_column_text css=&#8221;.vc_custom_1753969424799{margin-bottom: 40px !important;}&#8221;]<\/p>\n<p style=\"text-align: right;\"><span style=\"font-size: 20px; color: #c56a25;\">\u0623\u0645\u0644\u0627\u062d \u0635\u0646\u0627\u0639\u064a\u0629 (\u0623\u0645\u0644\u0627\u062d \u0645\u0643\u0631\u0631\u0629 \u0639\u0627\u0644\u064a\u0629 \u0627\u0644\u0646\u0642\u0627\u0621)<\/span><br \/>\n<span style=\"font-size: 20px; color: #666666;\">\u064a\u062a\u0645 \u062a\u0635\u0646\u064a\u0639 \u0645\u0644\u062d\u0646\u0627 \u0627\u0644\u0635\u0646\u0627\u0639\u064a \u0644\u062a\u0644\u0628\u064a\u0629 \u0645\u062c\u0645\u0648\u0639\u0629 \u0648\u0627\u0633\u0639\u0629 \u0645\u0646 \u0627\u0644\u062a\u0637\u0628\u064a\u0642\u0627\u062a \u0627\u0644\u0635\u0646\u0627\u0639\u064a\u0629\u060c \u062d\u064a\u062b \u064a\u0648\u0641\u0631 \u0643\u0644\u0648\u0631\u064a\u062f \u0627\u0644\u0635\u0648\u062f\u064a\u0648\u0645 (NaCl) \u0639\u0627\u0644\u064a \u0627\u0644\u0646\u0642\u0627\u0621 \u0645\u0639 \u0628\u0646\u064a\u0629 \u0628\u0644\u0648\u0631\u064a\u0629 \u0645\u062a\u0633\u0642\u0629 \u0648\u0645\u062d\u062a\u0648\u0649 \u0631\u0637\u0648\u0628\u0629 \u0645\u0646\u062e\u0641\u0636. \u0648\u064a\u0633\u062a\u062e\u062f\u0645 \u0639\u0644\u0649 \u0646\u0637\u0627\u0642 \u0648\u0627\u0633\u0639 \u0641\u064a \u0635\u0646\u0627\u0639\u0627\u062a \u0645\u062b\u0644 \u0627\u0644\u062a\u0635\u0646\u064a\u0639 \u0627\u0644\u0643\u064a\u0645\u064a\u0627\u0626\u064a \u0648\u0645\u0639\u0627\u0644\u062c\u0629 \u0627\u0644\u0645\u064a\u0627\u0647 \u0648\u0635\u0628\u0627\u063a\u0629 \u0627\u0644\u0645\u0646\u0633\u0648\u062c\u0627\u062a \u0648\u0627\u0644\u0645\u0646\u0638\u0641\u0627\u062a \u0648\u0625\u0632\u0627\u0644\u0629 \u0627\u0644\u062c\u0644\u064a\u062f \u0648\u0633\u0648\u0627\u0626\u0644 \u0627\u0644\u062d\u0641\u0631 \u0648\u0625\u0646\u062a\u0627\u062c \u0627\u0644\u0628\u0644\u0627\u0633\u062a\u064a\u0643. \u0645\u062a\u0648\u0641\u0631 \u0628\u0623\u062d\u062c\u0627\u0645 \u062c\u0632\u064a\u0626\u0627\u062a \u0645\u062e\u062a\u0644\u0641\u0629 \u0644\u062a\u0646\u0627\u0633\u0628 \u0627\u0644\u0627\u062d\u062a\u064a\u0627\u062c\u0627\u062a \u0627\u0644\u0635\u0646\u0627\u0639\u064a\u0629 \u0627\u0644\u0645\u062d\u062f\u062f\u0629.<\/span><\/p>\n<p style=\"text-align: right;\"><span style=\"font-size: 18px;\">\u2705 \u0646\u0642\u0627\u0621 \u064a\u0635\u0644 \u0625\u0644\u0649 99\u066a \u0645\u0646 \u0643\u0644\u0648\u0631\u064a\u062f \u0627\u0644\u0635\u0648\u062f\u064a\u0648\u0645<\/span><br \/>\n<span style=\"font-size: 18px;\">\u2705 \u0645\u0646\u062e\u0641\u0636 \u0627\u0644\u0643\u0628\u0631\u064a\u062a\u0627\u062a\u060c \u0645\u0646\u062e\u0641\u0636 \u0627\u0644\u0631\u0637\u0648\u0628\u0629\u060c \u0648\u0645\u0639\u0627\u0644\u062c \u0636\u062f \u0627\u0644\u062a\u0643\u062a\u0644<\/span><br \/>\n<span style=\"font-size: 18px;\">\u2705 \u0645\u062a\u0648\u0641\u0631 \u0641\u064a \u0623\u0634\u0643\u0627\u0644 \u062e\u0634\u0646\u0629\u060c \u0646\u0627\u0639\u0645\u0629\u060c \u0648\u0645\u0633\u062d\u0648\u0642\u064a\u0629<\/span><br \/>\n<span style=\"font-size: 18px;\">\u2705 \u062a\u063a\u0644\u064a\u0641 \u0645\u062e\u0635\u0635 \u0644\u0644\u0627\u0633\u062a\u062e\u062f\u0627\u0645 \u0627\u0644\u0635\u0646\u0627\u0639\u064a \u0623\u0648 \u0628\u0627\u0644\u062c\u0645\u0644\u0629<\/span><\/p>\n<p>[\/vc_column_text][\/vc_column][\/vc_row][vc_row][vc_column]<div class=\"cz_gap clr \" style=\"height: 31px\"><\/div>[\/vc_column][\/vc_row][vc_row][vc_column width=&#8221;1\/3&#8243;]<div id=\"cz_64451\" data-position=\"top-right\" class=\"cz_64451 cz_image clr cz_image_zoom_in center_on_mobile\"><div class=\"\" ><div class=\"cz_image_in\"><div class=\"cz_main_image\"><img loading=\"lazy\" decoding=\"async\" width=\"1024\" height=\"1024\" src=\"https:\/\/dreemsalt.com\/wp-content\/uploads\/2025\/07\/powder-salt2aa.jpg\" class=\"attachment-full\" alt=\"\" title=\"powder-salt2aa\" srcset=\"https:\/\/dreemsalt.com\/wp-content\/uploads\/2025\/07\/powder-salt2aa.jpg 1024w, https:\/\/dreemsalt.com\/wp-content\/uploads\/2025\/07\/powder-salt2aa-300x300.jpg 300w, https:\/\/dreemsalt.com\/wp-content\/uploads\/2025\/07\/powder-salt2aa-150x150.jpg 150w, https:\/\/dreemsalt.com\/wp-content\/uploads\/2025\/07\/powder-salt2aa-768x768.jpg 768w, https:\/\/dreemsalt.com\/wp-content\/uploads\/2025\/07\/powder-salt2aa-600x600.jpg 600w, https:\/\/dreemsalt.com\/wp-content\/uploads\/2025\/07\/powder-salt2aa-1000x1000.jpg 1000w, https:\/\/dreemsalt.com\/wp-content\/uploads\/2025\/07\/powder-salt2aa-100x100.jpg 100w\" sizes=\"auto, (max-width: 1024px) 100vw, 1024px\" \/><\/div><div class=\"cz_hover_image\"><img loading=\"lazy\" decoding=\"async\" width=\"1024\" height=\"1024\" src=\"https:\/\/dreemsalt.com\/wp-content\/uploads\/2025\/07\/powder-salt2aa.jpg\" class=\"attachment-full\" alt=\"\" title=\"powder-salt2aa\" srcset=\"https:\/\/dreemsalt.com\/wp-content\/uploads\/2025\/07\/powder-salt2aa.jpg 1024w, https:\/\/dreemsalt.com\/wp-content\/uploads\/2025\/07\/powder-salt2aa-300x300.jpg 300w, https:\/\/dreemsalt.com\/wp-content\/uploads\/2025\/07\/powder-salt2aa-150x150.jpg 150w, https:\/\/dreemsalt.com\/wp-content\/uploads\/2025\/07\/powder-salt2aa-768x768.jpg 768w, https:\/\/dreemsalt.com\/wp-content\/uploads\/2025\/07\/powder-salt2aa-600x600.jpg 600w, https:\/\/dreemsalt.com\/wp-content\/uploads\/2025\/07\/powder-salt2aa-1000x1000.jpg 1000w, https:\/\/dreemsalt.com\/wp-content\/uploads\/2025\/07\/powder-salt2aa-100x100.jpg 100w\" sizes=\"auto, (max-width: 1024px) 100vw, 1024px\" \/><\/div><\/div><\/div><\/div>[vc_custom_heading text=&#8221;\u0628\u0648\u062f\u0631\u0629&#8221; font_container=&#8221;tag:h3|text_align:center&#8221; use_theme_fonts=&#8221;yes&#8221; css=&#8221;&#8221;]<div id=\"cz_69536\" class=\"cz_69536 cz_wh cz_wh_line_between\"><div class=\"mb10 last0 clr\"><div class=\"clr\"><span class=\"cz_wh_left\"><b><b>\u0627\u0644\u062d\u062c\u0645 :<\/b><\/b><\/span><span class=\"cz_wh_right\">(0.2-1.18 mm)<\/span><\/div><div class=\"cz_wh_line\"><\/div><\/div><div class=\"mb10 last0 clr\"><div class=\"clr\"><span class=\"cz_wh_left\"><b><b>\u0627\u0644\u0646\u0642\u0627\u0621 :<\/b><\/b><\/span><span class=\"cz_wh_right\">99%<\/span><\/div><div class=\"cz_wh_line\"><\/div><\/div><div class=\"mb10 last0 clr\"><div class=\"clr\"><span class=\"cz_wh_left\"><b><b>\u0627\u0644\u0631\u0637\u0648\u0628\u0629 :<\/b><\/b><\/span><span class=\"cz_wh_right\">\u0623\u0642\u0644 \u0645\u0646 0.3%<\/span><\/div><div class=\"cz_wh_line\"><\/div><\/div><\/div>[\/vc_column][vc_column width=&#8221;1\/3&#8243;]<div id=\"cz_92900\" data-position=\"top-right\" class=\"cz_92900 cz_image clr cz_image_zoom_in center_on_mobile\"><div class=\"\" ><div class=\"cz_image_in\"><div class=\"cz_main_image\"><img loading=\"lazy\" decoding=\"async\" width=\"1024\" height=\"1024\" src=\"https:\/\/dreemsalt.com\/wp-content\/uploads\/2025\/07\/fine-table1a.jpg\" class=\"attachment-full\" alt=\"\" title=\"fine-table1a\" srcset=\"https:\/\/dreemsalt.com\/wp-content\/uploads\/2025\/07\/fine-table1a.jpg 1024w, https:\/\/dreemsalt.com\/wp-content\/uploads\/2025\/07\/fine-table1a-300x300.jpg 300w, https:\/\/dreemsalt.com\/wp-content\/uploads\/2025\/07\/fine-table1a-150x150.jpg 150w, https:\/\/dreemsalt.com\/wp-content\/uploads\/2025\/07\/fine-table1a-768x768.jpg 768w, https:\/\/dreemsalt.com\/wp-content\/uploads\/2025\/07\/fine-table1a-600x600.jpg 600w, https:\/\/dreemsalt.com\/wp-content\/uploads\/2025\/07\/fine-table1a-1000x1000.jpg 1000w, https:\/\/dreemsalt.com\/wp-content\/uploads\/2025\/07\/fine-table1a-100x100.jpg 100w\" sizes=\"auto, (max-width: 1024px) 100vw, 1024px\" \/><\/div><div class=\"cz_hover_image\"><img loading=\"lazy\" decoding=\"async\" width=\"1024\" height=\"1024\" src=\"https:\/\/dreemsalt.com\/wp-content\/uploads\/2025\/07\/fine-table1a.jpg\" class=\"attachment-full\" alt=\"\" title=\"fine-table1a\" srcset=\"https:\/\/dreemsalt.com\/wp-content\/uploads\/2025\/07\/fine-table1a.jpg 1024w, https:\/\/dreemsalt.com\/wp-content\/uploads\/2025\/07\/fine-table1a-300x300.jpg 300w, https:\/\/dreemsalt.com\/wp-content\/uploads\/2025\/07\/fine-table1a-150x150.jpg 150w, https:\/\/dreemsalt.com\/wp-content\/uploads\/2025\/07\/fine-table1a-768x768.jpg 768w, https:\/\/dreemsalt.com\/wp-content\/uploads\/2025\/07\/fine-table1a-600x600.jpg 600w, https:\/\/dreemsalt.com\/wp-content\/uploads\/2025\/07\/fine-table1a-1000x1000.jpg 1000w, https:\/\/dreemsalt.com\/wp-content\/uploads\/2025\/07\/fine-table1a-100x100.jpg 100w\" sizes=\"auto, (max-width: 1024px) 100vw, 1024px\" \/><\/div><\/div><\/div><\/div>[vc_custom_heading text=&#8221;\u0646\u0627\u0639\u0645&#8221; font_container=&#8221;tag:h3|text_align:center&#8221; use_theme_fonts=&#8221;yes&#8221; css=&#8221;&#8221;]<div id=\"cz_47204\" class=\"cz_47204 cz_wh cz_wh_line_between\"><div class=\"mb10 last0 clr\"><div class=\"clr\"><span class=\"cz_wh_left\"><b><b>\u0627\u0644\u062d\u062c\u0645 :<\/b><\/b><\/span><span class=\"cz_wh_right\">(0.2-1.18 mm)<\/span><\/div><div class=\"cz_wh_line\"><\/div><\/div><div class=\"mb10 last0 clr\"><div class=\"clr\"><span class=\"cz_wh_left\"><b><b>\u0627\u0644\u0646\u0642\u0627\u0621 :<\/b><\/b><\/span><span class=\"cz_wh_right\">99%<\/span><\/div><div class=\"cz_wh_line\"><\/div><\/div><div class=\"mb10 last0 clr\"><div class=\"clr\"><span class=\"cz_wh_left\"><b><b>\u0627\u0644\u0631\u0637\u0648\u0628\u0629 :<\/b><\/b><\/span><span class=\"cz_wh_right\">\u0623\u0642\u0644 \u0645\u0646 0.3%<\/span><\/div><div class=\"cz_wh_line\"><\/div><\/div><\/div>[\/vc_column][vc_column width=&#8221;1\/3&#8243;]<div id=\"cz_18642\" data-position=\"top-right\" class=\"cz_18642 cz_image clr cz_image_zoom_in center_on_mobile\"><div class=\"\" ><div class=\"cz_image_in\"><div class=\"cz_main_image\"><img loading=\"lazy\" decoding=\"async\" width=\"1024\" height=\"1024\" src=\"https:\/\/dreemsalt.com\/wp-content\/uploads\/2025\/07\/coarse-salt24a.jpg\" class=\"attachment-full\" alt=\"\" title=\"coarse-salt24a\" srcset=\"https:\/\/dreemsalt.com\/wp-content\/uploads\/2025\/07\/coarse-salt24a.jpg 1024w, https:\/\/dreemsalt.com\/wp-content\/uploads\/2025\/07\/coarse-salt24a-300x300.jpg 300w, https:\/\/dreemsalt.com\/wp-content\/uploads\/2025\/07\/coarse-salt24a-150x150.jpg 150w, https:\/\/dreemsalt.com\/wp-content\/uploads\/2025\/07\/coarse-salt24a-768x768.jpg 768w, https:\/\/dreemsalt.com\/wp-content\/uploads\/2025\/07\/coarse-salt24a-600x600.jpg 600w, https:\/\/dreemsalt.com\/wp-content\/uploads\/2025\/07\/coarse-salt24a-1000x1000.jpg 1000w, https:\/\/dreemsalt.com\/wp-content\/uploads\/2025\/07\/coarse-salt24a-100x100.jpg 100w\" sizes=\"auto, (max-width: 1024px) 100vw, 1024px\" \/><\/div><div class=\"cz_hover_image\"><img loading=\"lazy\" decoding=\"async\" width=\"1024\" height=\"1024\" src=\"https:\/\/dreemsalt.com\/wp-content\/uploads\/2025\/07\/coarse-salt24a.jpg\" class=\"attachment-full\" alt=\"\" title=\"coarse-salt24a\" srcset=\"https:\/\/dreemsalt.com\/wp-content\/uploads\/2025\/07\/coarse-salt24a.jpg 1024w, https:\/\/dreemsalt.com\/wp-content\/uploads\/2025\/07\/coarse-salt24a-300x300.jpg 300w, https:\/\/dreemsalt.com\/wp-content\/uploads\/2025\/07\/coarse-salt24a-150x150.jpg 150w, https:\/\/dreemsalt.com\/wp-content\/uploads\/2025\/07\/coarse-salt24a-768x768.jpg 768w, https:\/\/dreemsalt.com\/wp-content\/uploads\/2025\/07\/coarse-salt24a-600x600.jpg 600w, https:\/\/dreemsalt.com\/wp-content\/uploads\/2025\/07\/coarse-salt24a-1000x1000.jpg 1000w, https:\/\/dreemsalt.com\/wp-content\/uploads\/2025\/07\/coarse-salt24a-100x100.jpg 100w\" sizes=\"auto, (max-width: 1024px) 100vw, 1024px\" \/><\/div><\/div><\/div><\/div>[vc_custom_heading text=&#8221;\u062e\u0634\u0646&#8221; font_container=&#8221;tag:h3|text_align:center&#8221; use_theme_fonts=&#8221;yes&#8221; css=&#8221;&#8221;]<div id=\"cz_21742\" class=\"cz_21742 cz_wh cz_wh_line_between\"><div class=\"mb10 last0 clr\"><div class=\"clr\"><span class=\"cz_wh_left\"><b><b>\u0627\u0644\u062d\u062c\u0645 :<\/b><\/b><\/span><span class=\"cz_wh_right\">(2-4 mm)<\/span><\/div><div class=\"cz_wh_line\"><\/div><\/div><div class=\"mb10 last0 clr\"><div class=\"clr\"><span class=\"cz_wh_left\"><b><b>\u0627\u0644\u0646\u0642\u0627\u0621:<\/b><\/b><\/span><span class=\"cz_wh_right\">99%<\/span><\/div><div class=\"cz_wh_line\"><\/div><\/div><div class=\"mb10 last0 clr\"><div class=\"clr\"><span class=\"cz_wh_left\"><b><b>\u0627\u0644\u0631\u0637\u0648\u0628\u0629 :<\/b><\/b><\/span><span class=\"cz_wh_right\">\u0623\u0642\u0644 \u0645\u0646 0.3%<\/span><\/div><div class=\"cz_wh_line\"><\/div><\/div><\/div>[\/vc_column][\/vc_row][vc_row][vc_column][vc_row_inner][vc_column_inner]<div id=\"cz_71038\" class=\"cz_71038\"><div class=\"cz_grid cz_grid_1 clr cz_justified cz_grid_1_no_icon cz_grid_1_has_excerpt cz_grid_1_no_desc cz_grid_1_bot tac cz_grid_1_always_show cz_grid_sil cz_grid_overlay_5px cz_grid_two_columns_on_mobile cz_meta_all_center\" data-gap=\"40\" data-atts='{\"action\":\"cz_ajax_posts\",\"post_class\":\"cz_grid_item\",\"post__in\":null,\"author__in\":null,\"nonce\":\"797a29cb75\",\"nonce_id\":\"cz_71038\",\"loadmore_end\":\"Not found more posts\",\"layout\":\"cz_justified\",\"hover\":\"cz_grid_1_no_icon cz_grid_1_has_excerpt cz_grid_1_no_desc\",\"image_size\":\"codevz_600_9999\",\"subtitles\":\"%5B%7B%22t%22%3A%22cats%22%7D%2C%7B%22t%22%3A%22custom_meta%22%2C%22cm%22%3A%22salt_specifications%22%7D%5D\",\"subtitle_pos\":\"\",\"icon\":\"fa fa-search\",\"el\":\"5\",\"title_lenght\":\"\",\"cat_tax\":\"portfolio_cat\",\"cat\":\"99\",\"cat_exclude\":\"\",\"tag_tax\":\"post_tag\",\"tag_id\":\"\",\"tag_exclude\":\"\",\"post_type\":\"portfolio\",\"posts_per_page\":\"3\",\"order\":\"ASC\",\"orderby\":\"date\",\"tilt_data\":null,\"svg_sizes\":[\"600\",\"600\"],\"img_fx\":\"cz_grid_zoom_out\",\"custom_size\":\"\",\"excerpt_rm\":false,\"title_tag\":\"h4\",\"s\":\"\"}'><div data-id=\"1871\" class=\"cz_grid_item  cz_posts_list_even 1871 post-1871 portfolio type-portfolio status-publish format-standard has-post-thumbnail hentry portfolio_cat-industrial-ar portfolio_cat-water-treatment-ar\"><div class=\"clr\"><a class=\"cz_grid_link cz_grid_zoom_out\" href=\"https:\/\/dreemsalt.com\/ar\/our-products\/swimming-pool-salt\/\" title=\"\u0645\u0644\u062d \u062d\u0645\u0627\u0645 \u0627\u0644\u0633\u0628\u0627\u062d\u0629\"><img loading=\"lazy\" decoding=\"async\" width=\"600\" height=\"603\" src=\"https:\/\/dreemsalt.com\/wp-content\/uploads\/2025\/05\/pool-salt3-600x603.jpg\" class=\"attachment-codevz_600_9999\" alt=\"\" title=\"pool-salt3\" srcset=\"https:\/\/dreemsalt.com\/wp-content\/uploads\/2025\/05\/pool-salt3-600x603.jpg 600w, https:\/\/dreemsalt.com\/wp-content\/uploads\/2025\/05\/pool-salt3-1020x1024.jpg 1020w, https:\/\/dreemsalt.com\/wp-content\/uploads\/2025\/05\/pool-salt3-150x150.jpg 150w, https:\/\/dreemsalt.com\/wp-content\/uploads\/2025\/05\/pool-salt3-768x771.jpg 768w, https:\/\/dreemsalt.com\/wp-content\/uploads\/2025\/05\/pool-salt3-1000x1004.jpg 1000w, https:\/\/dreemsalt.com\/wp-content\/uploads\/2025\/05\/pool-salt3-100x100.jpg 100w, https:\/\/dreemsalt.com\/wp-content\/uploads\/2025\/05\/pool-salt3.jpg 1193w\" sizes=\"auto, (max-width: 600px) 100vw, 600px\" \/><div class=\"cz_grid_details\"><i class=\"fa fa-search cz_grid_icon\"><\/i><h4>\u0645\u0644\u062d \u062d\u0645\u0627\u0645 \u0627\u0644\u0633\u0628\u0627\u062d\u0629<\/h4><small class=\"clr\"><span class=\"cz_post_data cz_data_cats\">\u0627\u0644\u0623\u0645\u0644\u0627\u062d \u0627\u0644\u0635\u0646\u0627\u0639\u064a\u0629, \u0645\u0646\u0642\u064a \u0627\u0644\u0645\u064a\u0627\u0647<\/span><span class=\"cz_post_data cz_data_custom_meta\">Fine (0.2-1.18 mm), Medium (1.18-2 mm), Coarse (2-4 mm)<\/span><\/small><div class=\"cz_post_excerpt\">[vc_row][vc_column width=\"2\/3 ...<\/div><\/div><\/a><\/div><\/div><div data-id=\"1934\" class=\"cz_grid_item  cz_posts_list_odd 1934 post-1934 portfolio type-portfolio status-publish format-standard has-post-thumbnail hentry portfolio_cat-industrial-ar portfolio_cat-water-treatment-ar\"><div class=\"clr\"><a class=\"cz_grid_link cz_grid_zoom_out\" href=\"https:\/\/dreemsalt.com\/ar\/our-products\/dishwasher-salt\/\" title=\"\u0645\u0644\u062d \u063a\u0633\u0627\u0644\u0627\u062a \u0627\u0644\u0635\u062d\u0648\u0646\"><img loading=\"lazy\" decoding=\"async\" width=\"600\" height=\"400\" src=\"https:\/\/dreemsalt.com\/wp-content\/uploads\/2025\/05\/dishwasher-salt_result_1-600x400.jpg\" class=\"attachment-codevz_600_9999\" alt=\"\" title=\"dishwasher-salt_result_1\" srcset=\"https:\/\/dreemsalt.com\/wp-content\/uploads\/2025\/05\/dishwasher-salt_result_1-600x400.jpg 600w, https:\/\/dreemsalt.com\/wp-content\/uploads\/2025\/05\/dishwasher-salt_result_1-300x200.jpg 300w, https:\/\/dreemsalt.com\/wp-content\/uploads\/2025\/05\/dishwasher-salt_result_1-1024x683.jpg 1024w, https:\/\/dreemsalt.com\/wp-content\/uploads\/2025\/05\/dishwasher-salt_result_1-768x512.jpg 768w, https:\/\/dreemsalt.com\/wp-content\/uploads\/2025\/05\/dishwasher-salt_result_1-1000x667.jpg 1000w, https:\/\/dreemsalt.com\/wp-content\/uploads\/2025\/05\/dishwasher-salt_result_1.jpg 1200w\" sizes=\"auto, (max-width: 600px) 100vw, 600px\" \/><div class=\"cz_grid_details\"><i class=\"fa fa-search cz_grid_icon\"><\/i><h4>\u0645\u0644\u062d \u063a\u0633\u0627\u0644\u0627\u062a \u0627\u0644\u0635\u062d\u0648\u0646<\/h4><small class=\"clr\"><span class=\"cz_post_data cz_data_cats\">\u0627\u0644\u0623\u0645\u0644\u0627\u062d \u0627\u0644\u0635\u0646\u0627\u0639\u064a\u0629, \u0645\u0646\u0642\u064a \u0627\u0644\u0645\u064a\u0627\u0647<\/span><span class=\"cz_post_data cz_data_custom_meta\">Fine (0.2-1.18 mm), Medium (1.18-2 mm), Coarse (2-4 mm)<\/span><\/small><div class=\"cz_post_excerpt\">[vc_row][vc_column width=\"1\/2 ...<\/div><\/div><\/a><\/div><\/div><div data-id=\"1932\" class=\"cz_grid_item  cz_posts_list_even 1932 post-1932 portfolio type-portfolio status-publish format-standard has-post-thumbnail hentry portfolio_cat-industrial-ar\"><div class=\"clr\"><a class=\"cz_grid_link cz_grid_zoom_out\" href=\"https:\/\/dreemsalt.com\/ar\/our-products\/oil-salt\/\" title=\"\u0645\u0644\u062d \u062d\u0642\u0648\u0644 \u0627\u0644\u0646\u0641\u0637\"><img loading=\"lazy\" decoding=\"async\" width=\"600\" height=\"400\" src=\"https:\/\/dreemsalt.com\/wp-content\/uploads\/2025\/07\/pomiary-objetosci-hald_Geodetic-9-600x400.jpg\" class=\"attachment-codevz_600_9999\" alt=\"\" title=\"pomiary-obj\u0119to\u015bci-ha\u0142d_Geodetic-9\" srcset=\"https:\/\/dreemsalt.com\/wp-content\/uploads\/2025\/07\/pomiary-objetosci-hald_Geodetic-9-600x400.jpg 600w, https:\/\/dreemsalt.com\/wp-content\/uploads\/2025\/07\/pomiary-objetosci-hald_Geodetic-9-300x200.jpg 300w, https:\/\/dreemsalt.com\/wp-content\/uploads\/2025\/07\/pomiary-objetosci-hald_Geodetic-9-768x512.jpg 768w, https:\/\/dreemsalt.com\/wp-content\/uploads\/2025\/07\/pomiary-objetosci-hald_Geodetic-9-1000x666.jpg 1000w, https:\/\/dreemsalt.com\/wp-content\/uploads\/2025\/07\/pomiary-objetosci-hald_Geodetic-9.jpg 1024w\" sizes=\"auto, (max-width: 600px) 100vw, 600px\" \/><div class=\"cz_grid_details\"><i class=\"fa fa-search cz_grid_icon\"><\/i><h4>\u0645\u0644\u062d \u062d\u0642\u0648\u0644 \u0627\u0644\u0646\u0641\u0637<\/h4><small class=\"clr\"><span class=\"cz_post_data cz_data_cats\">\u0627\u0644\u0623\u0645\u0644\u0627\u062d \u0627\u0644\u0635\u0646\u0627\u0639\u064a\u0629<\/span><span class=\"cz_post_data cz_data_custom_meta\">Fine (0.2-1.18 mm), Medium (1.18-2 mm), Coarse (2-4 mm)<\/span><\/small><div class=\"cz_post_excerpt\">[vc_row][vc_column width=\"1\/2 ...<\/div><\/div><\/a><\/div><\/div><\/div><\/div>[\/vc_column_inner][\/vc_row_inner][\/vc_column][\/vc_row]<\/p>\n<\/div>","protected":false},"excerpt":{"rendered":"<p>[vc_row][vc_column width=&#8221;1\/2&#8243; css=&#8221;.vc_custom_1585728045360{padding-right: 30px !important;padding-left: 30px !important;}&#8221;][\/vc_column][vc_column width=&#8221;1\/2&#8243; css=&#8221;.vc_custom_1585728116326{padding-right: 20px !important;padding-left: 20px !important;}&#8221; el_class=&#8221;cz_sticky_col&#8221;][vc_custom_heading source=&#8221;post_title&#8221; font_container=&#8221;tag:h2|text_align:right&#8221; use_theme_fonts=&#8221;yes&#8221; css=&#8221;&#8221;][vc_column_text css=&#8221;.vc_custom_1753969424799{margin-bottom: 40px &#8230; <a class=\"cz_readmore\" href=\"https:\/\/dreemsalt.com\/ar\/our-products\/oil-salt\/\"><i class=\"fa fa-angle-right\" aria-hidden=\"true\"><\/i><span>Read More<\/span><\/a><\/p>\n","protected":false},"author":2,"featured_media":0,"parent":0,"menu_order":0,"comment_status":"closed","ping_status":"closed","template":"","meta":{"footnotes":""},"class_list":["post-1937","page","type-page","status-publish","hentry"],"_links":{"self":[{"href":"https:\/\/dreemsalt.com\/ar\/wp-json\/wp\/v2\/pages\/1937","targetHints":{"allow":["GET"]}}],"collection":[{"href":"https:\/\/dreemsalt.com\/ar\/wp-json\/wp\/v2\/pages"}],"about":[{"href":"https:\/\/dreemsalt.com\/ar\/wp-json\/wp\/v2\/types\/page"}],"author":[{"embeddable":true,"href":"https:\/\/dreemsalt.com\/ar\/wp-json\/wp\/v2\/users\/2"}],"replies":[{"embeddable":true,"href":"https:\/\/dreemsalt.com\/ar\/wp-json\/wp\/v2\/comments?post=1937"}],"version-history":[{"count":3,"href":"https:\/\/dreemsalt.com\/ar\/wp-json\/wp\/v2\/pages\/1937\/revisions"}],"predecessor-version":[{"id":1941,"href":"https:\/\/dreemsalt.com\/ar\/wp-json\/wp\/v2\/pages\/1937\/revisions\/1941"}],"wp:attachment":[{"href":"https:\/\/dreemsalt.com\/ar\/wp-json\/wp\/v2\/media?parent=1937"}],"curies":[{"name":"wp","href":"https:\/\/api.w.org\/{rel}","templated":true}]}}